{"id":5,"date":"2016-01-30T18:48:07","date_gmt":"2016-01-30T18:48:07","guid":{"rendered":"http:\/\/posgrado-dev.eie.ucr.ac.cr\/?page_id=5"},"modified":"2025-01-15T10:49:47","modified_gmt":"2025-01-15T16:49:47","slug":"admision","status":"publish","type":"page","link":"https:\/\/posgrado.eie.ucr.ac.cr\/index.php\/admision\/","title":{"rendered":"Admisi\u00f3n"},"content":{"rendered":"<h1>Maestr\u00eda Acad\u00e9mica en Ingenier\u00eda El\u00e9ctrica<\/h1>\n<p>El Programa de Posgrado en Ingenier\u00eda El\u00e9ctrica (PPIE) desea desarrollar en los estudiantes habilidades de investigaci\u00f3n, en donde el estudiante aprenda y ponga en pr\u00e1ctica el m\u00e9todo cient\u00edfico usado en Ingenier\u00eda El\u00e9ctrica, en pos de mejorar sustancialmente su capacidad de generar conocimiento, resolver problemas, plasmar sus hallazgos en art\u00edculos cient\u00edficos y comunicarlos a la sociedad. Para lograr este fin, se ofrece la Maestr\u00eda Acad\u00e9mica en Ingenier\u00eda El\u00e9ctrica.<\/p>\n<p>La Maestr\u00eda Acad\u00e9mica en Ingenier\u00eda El\u00e9ctrica es una maestr\u00eda de financiamiento regular de bajo costo, con una duraci\u00f3n de dos a\u00f1os, con horarios flexibles. Las admisiones se realizan por promoci\u00f3n cada a\u00f1o, generalmente. Pueden solicitar admisi\u00f3n a esta Maestr\u00eda estudiantes graduados de Ingenier\u00eda El\u00e9ctrica o carreras afines como F\u00edsica, Ciencias de la Computaci\u00f3n, Matem\u00e1tica, Ingenier\u00eda en Computadoras, Inform\u00e1tica, Ingenier\u00eda Mec\u00e1nica, Ingenier\u00eda Civil, entre otras.<\/p>\n<p>Las fechas importantes para realizar los tr\u00e1mites para ingreso a esta maestr\u00eda son las siguientes:<\/p>\n<ul>\n<li><strong>Periodo de recepci\u00f3n de documentos ante el SEP: Primer semestre del 2025:<\/strong> <span style=\"color: #ff0000;\"><strong>del 14 de enero al 19 de marzo del 2025<\/strong><\/span>.<\/li>\n<li><strong>Inicio de lecciones: <\/strong>Agosto del 2025.<\/li>\n<li><strong>Duraci\u00f3n:<\/strong> La Maestr\u00eda Acad\u00e9mica es por promoci\u00f3n y es necesario matricular carga acad\u00e9mica completa, que corresponde a 15 cr\u00e9ditos por ciclo lectivo, para concluir en cuatro ciclos. Es decir se requiere dedicaci\u00f3n de al menos 20 horas semanales por parte del estudiantado.<\/li>\n<li><strong>Costo de la Maestr\u00eda<\/strong>: El programa contempla 60 cr\u00e9ditos en 4 semestres. Se paga un m\u00e1ximo de 12 cr\u00e9ditos por semestre, es decir, la Maestr\u00eda tiene un costo aproximado de 1 mill\u00f3n de colones para nacionales (https:\/\/oaf.ucr.ac.cr\/aranceles). Adem\u00e1s existe la posibilidad de solicitar beca por parte del Sistema de Estudios de Posgrado (SEP).<\/li>\n<\/ul>\n<h2>Solicitud de ingreso ante el PPIE<\/h2>\n<p>La aplicaci\u00f3n se realiza mediante el Portal UCR<strong>: <\/strong><a href=\"https:\/\/portal.ucr.ac.cr\">https:\/\/portal.ucr.ac.cr<\/a>. La realizaci\u00f3n del tr\u00e1mite NO garantiza el ingreso a la Maestr\u00eda.<\/p>\n<p>El SEP revisar\u00e1 la aplicaci\u00f3n para verificar que est\u00e9 completa y cumpla con todos los requisitos necesarios para el ingreso. De lo contrario se le devolver\u00e1 la solicitud al postulante, indicando que no cumple con los requisitos. <strong>No se tramitar\u00e1n las solicitudes de admisi\u00f3n incompletas<\/strong>.<\/p>\n<p>Adicionalmente debe enviar al correo \u00ab<strong>digitalppie.sep@ucr.ac.cr<\/strong>\u00bb (con el asunto: \u00ab<strong>Cartas de compromiso Nombre-y-apellidos-del-estudiante<\/strong>\u00bb) lo siguiente:<\/p>\n<ol>\n<li><strong>Carta de compromiso<\/strong> por parte del <strong>estudiante<\/strong> para la realizaci\u00f3n de la Maestr\u00eda Acad\u00e9mica en Ingenier\u00eda El\u00e9ctrica (disponible en <a href=\"https:\/\/cloud.prislab.org\/s\/HEo7RTs7qDrrzHb\">https:\/\/cloud.prislab.org\/s\/HEo7RTs7qDrrzHb<\/a>).<\/li>\n<li><strong>Carta de compromiso<\/strong> por parte de la <strong>persona tutora<\/strong> del estudiante, donde se indique que guiar\u00e1 al estudiante en su trabajo de tesis, aportando un tema y los recursos de espacio f\u00edsico, infraestructura, equipo cient\u00edfico tecnol\u00f3gico, datos, etc. necesarios para la realizaci\u00f3n de su investigaci\u00f3n (disponible en <a href=\"https:\/\/cloud.prislab.org\/s\/Aw2J7JAwHig7BXT\">https:\/\/cloud.prislab.org\/s\/Aw2J7JAwHig7BXT<\/a>). <strong>El estudiante debe establecer comunicaci\u00f3n previamente y con suficiente antelaci\u00f3n con <\/strong><strong>los profesores coordinadores de los laboratorios de investigaci\u00f3n o directamente con el Programa de Posgrado, para obtener el visto bueno de alguno de los profesores investigadores adscritos al programa, para servirle de tutor durante su periodo de estudios.<\/strong><\/li>\n<\/ol>\n<p>Los documentos que as\u00ed lo requieran deben ser firmados mediante <strong>firma digital<\/strong> en pdf. En caso de no contar con firma digital, el documento debe imprimirse, firmarse con <strong>firma aut\u00f3grafa<\/strong> (con lapicero azul de pu\u00f1o y letra), y escanearse en un pdf. Insertar un archivo de imagen con la firma o firmar utilizando dispositivos electr\u00f3nicos como tablets, wacoms o similares NO es aceptable.<\/p>\n<p>Posteriormente, la Comisi\u00f3n del Programa de Posgrado entrevistar\u00e1 virtualmente a cada estudiante para conocer sus motivaciones de ingreso, si tiene claro el tema de investigaci\u00f3n, si tiene disponibilidad de tiempo y si cuenta con los recursos para cubrir sus estudios. La fecha se definir\u00e1 posteriormente y se le informar\u00e1 al estudiante con antelaci\u00f3n (solicitar detalles de chat oficial al correo digitalppie.sep@ucr.ac.cr).<\/p>\n\n\n<p><\/p>\n","protected":false},"excerpt":{"rendered":"<p>Maestr\u00eda Acad\u00e9mica en Ingenier\u00eda El\u00e9ctrica El Programa de Posgrado en Ingenier\u00eda El\u00e9ctrica (PPIE) desea desarrollar en los estudiantes habilidades de investigaci\u00f3n, en donde el estudiante aprenda y ponga en pr\u00e1ctica el m\u00e9todo cient\u00edfico usado en Ingenier\u00eda El\u00e9ctrica, en pos de mejorar sustancialmente su capacidad de generar conocimiento, resolver problemas, plasmar sus hallazgos en art\u00edculos cient\u00edficos [&hellip;]<\/p>\n","protected":false},"author":3,"featured_media":0,"parent":0,"menu_order":0,"comment_status":"closed","ping_status":"closed","template":"","meta":{"footnotes":""},"class_list":["post-5","page","type-page","status-publish","czr-hentry"],"_links":{"self":[{"href":"https:\/\/posgrado.eie.ucr.ac.cr\/index.php\/wp-json\/wp\/v2\/pages\/5","targetHints":{"allow":["GET"]}}],"collection":[{"href":"https:\/\/posgrado.eie.ucr.ac.cr\/index.php\/wp-json\/wp\/v2\/pages"}],"about":[{"href":"https:\/\/posgrado.eie.ucr.ac.cr\/index.php\/wp-json\/wp\/v2\/types\/page"}],"author":[{"embeddable":true,"href":"https:\/\/posgrado.eie.ucr.ac.cr\/index.php\/wp-json\/wp\/v2\/users\/3"}],"replies":[{"embeddable":true,"href":"https:\/\/posgrado.eie.ucr.ac.cr\/index.php\/wp-json\/wp\/v2\/comments?post=5"}],"version-history":[{"count":44,"href":"https:\/\/posgrado.eie.ucr.ac.cr\/index.php\/wp-json\/wp\/v2\/pages\/5\/revisions"}],"predecessor-version":[{"id":851,"href":"https:\/\/posgrado.eie.ucr.ac.cr\/index.php\/wp-json\/wp\/v2\/pages\/5\/revisions\/851"}],"wp:attachment":[{"href":"https:\/\/posgrado.eie.ucr.ac.cr\/index.php\/wp-json\/wp\/v2\/media?parent=5"}],"curies":[{"name":"wp","href":"https:\/\/api.w.org\/{rel}","templated":true}]}}