{"id":454,"date":"2020-08-19T12:22:47","date_gmt":"2020-08-19T18:22:47","guid":{"rendered":"http:\/\/posgrado.eie.ucr.ac.cr\/?page_id=454"},"modified":"2024-05-13T12:57:09","modified_gmt":"2024-05-13T18:57:09","slug":"plan-de-estudios","status":"publish","type":"page","link":"https:\/\/posgrado.eie.ucr.ac.cr\/index.php\/plan-de-estudios\/","title":{"rendered":"Plan de estudios"},"content":{"rendered":"\n<h1><strong>Plan de estudios de la Maestr\u00eda Acad\u00e9mica en Ingenier\u00eda El\u00e9ctrica<\/strong><\/h1>\n<p>Requisitos: cada bloque debe matricularse completo y para matricular los semestres 2, 3 y 4 se debe haber aprobado el bloque de cursos anterior.<\/p>\n<table width=\"665\" cellspacing=\"0\" cellpadding=\"2\">\n<colgroup>\n<col width=\"88\" \/>\n<col width=\"96\" \/>\n<col width=\"284\" \/>\n<col width=\"181\" \/> <\/colgroup>\n<tbody>\n<tr>\n<td width=\"88\">\n<strong><b>Semestre<\/b><\/strong>\n<\/td>\n<td width=\"96\">\n<strong><b>Sigla<\/b><\/strong>\n<\/td>\n<td width=\"284\"><strong><b>Curso<\/b><\/strong><\/td>\n<td width=\"181\">\n<strong><b>Cr\u00e9ditos<\/b><\/strong>\n<\/td>\n<\/tr>\n<tr>\n<td bgcolor=\"#cccccc\" width=\"88\">\n<strong>1<\/strong>\n<\/td>\n<td bgcolor=\"#cccccc\" width=\"96\">\nSP-OPT1\n<\/td>\n<td bgcolor=\"#cccccc\" width=\"284\">Optativo 1<\/td>\n<td bgcolor=\"#cccccc\" width=\"181\">\n4\n<\/td>\n<\/tr>\n<tr>\n<td bgcolor=\"#cccccc\" width=\"88\">\n<strong>1<\/strong>\n<\/td>\n<td bgcolor=\"#cccccc\" width=\"96\">\nSP-OPT2\n<\/td>\n<td bgcolor=\"#cccccc\" width=\"284\">Optativo 2<\/td>\n<td bgcolor=\"#cccccc\" width=\"181\">\n4\n<\/td>\n<\/tr>\n<tr>\n<td bgcolor=\"#cccccc\" width=\"88\">\n<strong>1<\/strong>\n<\/td>\n<td bgcolor=\"#cccccc\" width=\"96\">\nSP-2138\n<\/td>\n<td bgcolor=\"#cccccc\" width=\"284\">Investigaci\u00f3n Dirigida I<\/td>\n<td bgcolor=\"#cccccc\" width=\"181\">\n6\n<\/td>\n<\/tr>\n<tr>\n<td bgcolor=\"#cccccc\" width=\"88\">\n<strong>1<\/strong>\n<\/td>\n<td bgcolor=\"#cccccc\" width=\"96\">\nSP-2139\n<\/td>\n<td bgcolor=\"#cccccc\" width=\"284\">Seminario I<\/td>\n<td bgcolor=\"#cccccc\" width=\"181\">\n1\n<\/td>\n<\/tr>\n<tr>\n<td bgcolor=\"#cccccc\" width=\"88\">\n<\/td>\n<td bgcolor=\"#cccccc\" width=\"96\">\n<\/td>\n<td bgcolor=\"#cccccc\" width=\"284\"><strong>Cr\u00e9ditos del ciclo<\/strong><\/td>\n<td bgcolor=\"#cccccc\" width=\"181\">\n<strong>15<\/strong>\n<\/td>\n<\/tr>\n<tr>\n<td width=\"88\">\n<strong>2<\/strong>\n<\/td>\n<td width=\"96\">\nSP-OPT3\n<\/td>\n<td width=\"284\">Optativo 3<\/td>\n<td width=\"181\">\n4\n<\/td>\n<\/tr>\n<tr>\n<td width=\"88\">\n<strong>2<\/strong>\n<\/td>\n<td width=\"96\">\nSP-OPT4\n<\/td>\n<td width=\"284\">Optativo 4<\/td>\n<td width=\"181\">\n4\n<\/td>\n<\/tr>\n<tr>\n<td width=\"88\">\n<strong>2<\/strong>\n<\/td>\n<td width=\"96\">\nSP-2142\n<\/td>\n<td width=\"284\">Investigaci\u00f3n Dirigida II<\/td>\n<td width=\"181\">\n6\n<\/td>\n<\/tr>\n<tr>\n<td width=\"88\">\n<strong>2<\/strong>\n<\/td>\n<td width=\"96\">\nSP-2143\n<\/td>\n<td width=\"284\">Seminario II<\/td>\n<td width=\"181\">\n1\n<\/td>\n<\/tr>\n<tr>\n<td width=\"88\">\n<\/td>\n<td width=\"96\">\n<\/td>\n<td width=\"284\"><strong>Cr\u00e9ditos del ciclo<\/strong><\/td>\n<td width=\"181\">\n<strong>15<\/strong>\n<\/td>\n<\/tr>\n<tr>\n<td bgcolor=\"#cccccc\" width=\"88\">\n<strong>3<\/strong>\n<\/td>\n<td bgcolor=\"#cccccc\" width=\"96\">\nSP-2144\n<\/td>\n<td bgcolor=\"#cccccc\" width=\"284\">Investigaci\u00f3n Dirigida III<\/td>\n<td bgcolor=\"#cccccc\" width=\"181\">\n4\n<\/td>\n<\/tr>\n<tr>\n<td bgcolor=\"#cccccc\" width=\"88\">\n<strong>3<\/strong>\n<\/td>\n<td bgcolor=\"#cccccc\" width=\"96\">\nSP-2145\n<\/td>\n<td bgcolor=\"#cccccc\" width=\"284\">Investigaci\u00f3n de tesis I<\/td>\n<td bgcolor=\"#cccccc\" width=\"181\">\n10\n<\/td>\n<\/tr>\n<tr>\n<td bgcolor=\"#cccccc\" width=\"88\">\n<strong>3<\/strong>\n<\/td>\n<td bgcolor=\"#cccccc\" width=\"96\">\nSP-2146\n<\/td>\n<td bgcolor=\"#cccccc\" width=\"284\">Seminario III<\/td>\n<td bgcolor=\"#cccccc\" width=\"181\">\n1\n<\/td>\n<\/tr>\n<tr>\n<td bgcolor=\"#cccccc\" width=\"88\">\n<\/td>\n<td bgcolor=\"#cccccc\" width=\"96\">\n<\/td>\n<td bgcolor=\"#cccccc\" width=\"284\"><strong>Cr\u00e9ditos del ciclo<\/strong><\/td>\n<td bgcolor=\"#cccccc\" width=\"181\">\n<strong>15<\/strong>\n<\/td>\n<\/tr>\n<tr>\n<td width=\"88\">\n<b>4<\/b>\n<\/td>\n<td width=\"96\">\nSP-2147\n<\/td>\n<td width=\"284\">Investigaci\u00f3n Dirigida IV<\/td>\n<td width=\"181\">\n4\n<\/td>\n<\/tr>\n<tr>\n<td width=\"88\">\n<b>4<\/b>\n<\/td>\n<td width=\"96\">\nSP-2148\n<\/td>\n<td width=\"284\">Investigacion de tesis II<\/td>\n<td width=\"181\">\n5\n<\/td>\n<\/tr>\n<tr>\n<td width=\"88\">\n<b>4<\/b>\n<\/td>\n<td width=\"96\">\nSP-2149\n<\/td>\n<td width=\"284\">Defensa de tesis<\/td>\n<td width=\"181\">\n6\n<\/td>\n<\/tr>\n<tr>\n<td width=\"88\"><\/td>\n<td width=\"96\"><\/td>\n<td width=\"284\"><strong>Cr\u00e9ditos del ciclo<\/strong><\/td>\n<td width=\"181\">\n<b>15<\/b>\n<\/td>\n<\/tr>\n<\/tbody>\n<\/table>\n<h2><strong>Cursos optativos de la Maestr\u00eda Acad\u00e9mica en Ingenier\u00eda El\u00e9ctrica<\/strong><\/h2>\n<table width=\"662\" cellspacing=\"0\" cellpadding=\"7\">\n<colgroup>\n<col width=\"98\" \/>\n<col width=\"458\" \/>\n<col width=\"89\" \/> <\/colgroup>\n<tbody>\n<tr valign=\"top\">\n<td width=\"98\">\n<b>Sigla<\/b>\n<\/td>\n<td width=\"458\">\n<b>Curso <\/b>\n<\/td>\n<td width=\"89\">\n<b>Cr\u00e9ditos<\/b>\n<\/td>\n<\/tr>\n<tr valign=\"top\">\n<td width=\"98\">\nSP-2150\n<\/td>\n<td width=\"458\">Estabilidad y control de oscilaciones de potencia<\/td>\n<td width=\"89\">\n4\n<\/td>\n<\/tr>\n<tr valign=\"top\">\n<td width=\"98\">\nSP-2151\n<\/td>\n<td width=\"458\">Compensaci\u00f3n de potencia reactiva y estabilidad de tensi\u00f3n <\/td>\n<td width=\"89\">\n4\n<\/td>\n<\/tr>\n<tr valign=\"top\">\n<td width=\"98\">\nSP-2152\n<\/td>\n<td width=\"458\">An\u00e1lisis de sistemas de potencia <\/td>\n<td width=\"89\">\n4\n<\/td>\n<\/tr>\n<tr valign=\"top\">\n<td width=\"98\">\nSP-2153\n<\/td>\n<td width=\"458\">Estabilidad y control de sistemas de potencia <\/td>\n<td width=\"89\">\n4\n<\/td>\n<\/tr>\n<tr valign=\"top\">\n<td width=\"98\">\nSP-2154\n<\/td>\n<td width=\"458\">M\u00e9todos num\u00e9ricos y t\u00e9cnicas de optimizaci\u00f3n <\/td>\n<td width=\"89\">\n4\n<\/td>\n<\/tr>\n<tr valign=\"top\">\n<td width=\"98\">\nSP-2155\n<\/td>\n<td width=\"458\">Reconocimiento de patrones y sistemas inteligentes <\/td>\n<td width=\"89\">\n4\n<\/td>\n<\/tr>\n<tr valign=\"top\">\n<td width=\"98\">\nSP-2156\n<\/td>\n<td width=\"458\">Procesamiento digital de im\u00e1genes y visi\u00f3n por computador<\/td>\n<td width=\"89\">\n4\n<\/td>\n<\/tr>\n<tr valign=\"top\">\n<td width=\"98\">\nSP-2157\n<\/td>\n<td width=\"458\">Fot\u00f3nica no lineal y sus aplicaciones<\/td>\n<td width=\"89\">\n4\n<\/td>\n<\/tr>\n<tr valign=\"top\">\n<td width=\"98\">\nSP-2158\n<\/td>\n<td width=\"458\">Sistemas bio-inspirados para optimizaci\u00f3n y modelado<\/td>\n<td width=\"89\">\n4\n<\/td>\n<\/tr>\n<tr valign=\"top\">\n<td width=\"98\">\nSP-2159\n<\/td>\n<td width=\"458\">T\u00e9cnicas modernas de control <\/td>\n<td width=\"89\">\n4\n<\/td>\n<\/tr>\n<tr valign=\"top\">\n<td width=\"98\">\nSP-2160\n<\/td>\n<td width=\"458\">Componentes y subsistemas de comunicaci\u00f3n por fibra \u00f3ptica <\/td>\n<td width=\"89\">\n4\n<\/td>\n<\/tr>\n<tr valign=\"top\">\n<td width=\"98\">\nSP-2161\n<\/td>\n<td width=\"458\">Radiometr\u00eda aplicada en metrolog\u00eda \u00f3ptica <\/td>\n<td width=\"89\">\n4\n<\/td>\n<\/tr>\n<tr valign=\"top\">\n<td width=\"98\">\nSP-2164\n<\/td>\n<td width=\"458\">Control industrial avanzado <\/td>\n<td width=\"89\">\n4\n<\/td>\n<\/tr>\n<tr valign=\"top\">\n<td width=\"98\">\nSP-2136\n<\/td>\n<td width=\"458\">Programaci\u00f3n avanzada<\/td>\n<td width=\"89\">\n4\n<\/td>\n<\/tr>\n<tr valign=\"top\">\n<td width=\"98\">\nSP-2141\n<\/td>\n<td width=\"458\">Teor\u00eda de detecci\u00f3n y estimaci\u00f3n<\/td>\n<td width=\"89\">\n4\n<\/td>\n<\/tr>\n\n\n<\/tbody>\n<\/table>\n","protected":false},"excerpt":{"rendered":"<p>Plan de estudios de la Maestr\u00eda Acad\u00e9mica en Ingenier\u00eda El\u00e9ctrica Requisitos: cada bloque debe matricularse completo y para matricular los semestres 2, 3 y 4 se debe haber aprobado el bloque de cursos anterior. Semestre Sigla Curso Cr\u00e9ditos 1 SP-OPT1 Optativo 1 4 1 SP-OPT2 Optativo 2 4 1 SP-2138 Investigaci\u00f3n Dirigida I 6 1 [&hellip;]<\/p>\n","protected":false},"author":3,"featured_media":0,"parent":0,"menu_order":0,"comment_status":"closed","ping_status":"closed","template":"","meta":{"footnotes":""},"class_list":["post-454","page","type-page","status-publish","czr-hentry"],"_links":{"self":[{"href":"https:\/\/posgrado.eie.ucr.ac.cr\/index.php\/wp-json\/wp\/v2\/pages\/454","targetHints":{"allow":["GET"]}}],"collection":[{"href":"https:\/\/posgrado.eie.ucr.ac.cr\/index.php\/wp-json\/wp\/v2\/pages"}],"about":[{"href":"https:\/\/posgrado.eie.ucr.ac.cr\/index.php\/wp-json\/wp\/v2\/types\/page"}],"author":[{"embeddable":true,"href":"https:\/\/posgrado.eie.ucr.ac.cr\/index.php\/wp-json\/wp\/v2\/users\/3"}],"replies":[{"embeddable":true,"href":"https:\/\/posgrado.eie.ucr.ac.cr\/index.php\/wp-json\/wp\/v2\/comments?post=454"}],"version-history":[{"count":18,"href":"https:\/\/posgrado.eie.ucr.ac.cr\/index.php\/wp-json\/wp\/v2\/pages\/454\/revisions"}],"predecessor-version":[{"id":820,"href":"https:\/\/posgrado.eie.ucr.ac.cr\/index.php\/wp-json\/wp\/v2\/pages\/454\/revisions\/820"}],"wp:attachment":[{"href":"https:\/\/posgrado.eie.ucr.ac.cr\/index.php\/wp-json\/wp\/v2\/media?parent=454"}],"curies":[{"name":"wp","href":"https:\/\/api.w.org\/{rel}","templated":true}]}}