{"id":23,"date":"2016-01-30T19:04:44","date_gmt":"2016-01-30T19:04:44","guid":{"rendered":"http:\/\/posgrado-dev.eie.ucr.ac.cr\/?page_id=23"},"modified":"2020-08-19T12:24:44","modified_gmt":"2020-08-19T18:24:44","slug":"descargas","status":"publish","type":"page","link":"https:\/\/posgrado.eie.ucr.ac.cr\/index.php\/descargas\/","title":{"rendered":"Descargas"},"content":{"rendered":"<h1>Cartas<\/h1>\n<p><a href=\"http:\/\/posgrado-dev.eie.ucr.ac.cr\/wp-content\/uploads\/2016\/02\/DESCARGAS-Carta-presentaci\u00f3n-examen-de-grado.docx\" rel=\"\">Carta presentaci\u00f3n examen de grado<\/a><\/p>\n<p><a href=\"http:\/\/www.sep.ucr.ac.cr\/administrator\/archivos\/descarga\/formularios\/Carta_Referencia.pdf\" rel=\"\">Cartas de referencia (Espa\u00f1ol)<\/a><\/p>\n<p><a href=\"http:\/\/www.sep.ucr.ac.cr\/administrator\/archivos\/descarga\/formularios\/Letter_Recommendation%281%29.pdf\" rel=\"\">Cartas de referencia (Ingl\u00e9s)<\/a><\/p>\n<h1>Reglamentos<\/h1>\n<p><a href=\"http:\/\/www.cu.ucr.ac.cr\/normativ\/sistema_estudios_posgrado.pdf\" rel=\"\">Reglamento General del Sistema de Estudios de Posgrado<\/a><\/p>\n<p><a href=\"http:\/\/posgrado.eie.ucr.ac.cr\/wp-content\/uploads\/2018\/05\/Reglamento-Interno-Programa-de-Posgrado-en-Ingenier\u00eda-El\u00e9ctrica.pdf\">Reglamento Interno Programa de Posgrado en Ingenier\u00eda El\u00e9ctrica<\/a><\/p>\n<p><a href=\"http:\/\/www.cu.ucr.ac.cr\/uploads\/tx_ucruniversitycouncildatabases\/normative\/tesis_del_sep.pdf\" rel=\"\">Reglamento de Tesis<\/a><\/p>\n<p><a href=\"https:\/\/sep.ucr.ac.cr\/images\/PDF_REGLAM\/Formato_Present_tesis.pdf\" rel=\"\">Formato de Presentaci\u00f3n de Tesis<\/a><\/p>\n","protected":false},"excerpt":{"rendered":"<p>Cartas Carta presentaci\u00f3n examen de grado Cartas de referencia (Espa\u00f1ol) Cartas de referencia (Ingl\u00e9s) Reglamentos Reglamento General del Sistema de Estudios de Posgrado Reglamento Interno Programa de Posgrado en Ingenier\u00eda El\u00e9ctrica Reglamento de Tesis Formato de Presentaci\u00f3n de Tesis<\/p>\n","protected":false},"author":3,"featured_media":0,"parent":0,"menu_order":0,"comment_status":"closed","ping_status":"closed","template":"","meta":{"footnotes":""},"class_list":["post-23","page","type-page","status-publish","czr-hentry"],"_links":{"self":[{"href":"https:\/\/posgrado.eie.ucr.ac.cr\/index.php\/wp-json\/wp\/v2\/pages\/23","targetHints":{"allow":["GET"]}}],"collection":[{"href":"https:\/\/posgrado.eie.ucr.ac.cr\/index.php\/wp-json\/wp\/v2\/pages"}],"about":[{"href":"https:\/\/posgrado.eie.ucr.ac.cr\/index.php\/wp-json\/wp\/v2\/types\/page"}],"author":[{"embeddable":true,"href":"https:\/\/posgrado.eie.ucr.ac.cr\/index.php\/wp-json\/wp\/v2\/users\/3"}],"replies":[{"embeddable":true,"href":"https:\/\/posgrado.eie.ucr.ac.cr\/index.php\/wp-json\/wp\/v2\/comments?post=23"}],"version-history":[{"count":9,"href":"https:\/\/posgrado.eie.ucr.ac.cr\/index.php\/wp-json\/wp\/v2\/pages\/23\/revisions"}],"predecessor-version":[{"id":460,"href":"https:\/\/posgrado.eie.ucr.ac.cr\/index.php\/wp-json\/wp\/v2\/pages\/23\/revisions\/460"}],"wp:attachment":[{"href":"https:\/\/posgrado.eie.ucr.ac.cr\/index.php\/wp-json\/wp\/v2\/media?parent=23"}],"curies":[{"name":"wp","href":"https:\/\/api.w.org\/{rel}","templated":true}]}}