{"id":15,"date":"2016-01-30T18:52:43","date_gmt":"2016-01-30T18:52:43","guid":{"rendered":"http:\/\/posgrado-dev.eie.ucr.ac.cr\/?page_id=15"},"modified":"2024-11-27T22:01:30","modified_gmt":"2024-11-28T04:01:30","slug":"investigacion","status":"publish","type":"page","link":"https:\/\/posgrado.eie.ucr.ac.cr\/index.php\/investigacion\/","title":{"rendered":"Investigaci\u00f3n"},"content":{"rendered":"\n<p><\/p>\n\n\n<h1>Laboratorios<\/h1>\n<p>El Programa de Posgrado en Ingenier\u00eda El\u00e9ctrica (PPIE) de la Universidad de Costa Rica realiza investigaci\u00f3n a trav\u00e9s de los laboratorios de investigaci\u00f3n adscritos al Programa.<\/p>\n<p>En dichos laboratorios se realiza generaci\u00f3n de nuevo conocimiento en \u00e1reas pertinentes para el pa\u00eds, mediante equipo cient\u00edfico-tecnol\u00f3gico de punta y recurso humano con nivel de doctorado acad\u00e9mico en el extranjero.<\/p>\n<p>Entre los temas de investigaci\u00f3n se incluyen: semiconductores, fot\u00f3nica, reconocimiento de patrones, rob\u00f3tica, sistemas de potencia,\u00a0 electr\u00f3nica de potencia, entre otros. Los \u00e1mbitos de aplicaci\u00f3n son variados y tienen una incidencia positiva sobre problemas concretos de la realidad nacional e internacional.<\/p>\n<p>A continuaci\u00f3n una breve descripci\u00f3n de los laboratorios de investigaci\u00f3n colaboradores del PPIE. Para mayor informaci\u00f3n por favor visitar la p\u00e1gina web correspondiente a cada laboratorio o consultar con el coordinador respectivo.<\/p>\n<h2><a href=\"http:\/\/www2.eie.ucr.ac.cr\/~lmarin\/docs\/LAFTLA-UCRespanolVersion.pdf\" target=\"_blank\" rel=\"noopener noreferrer\">LAFTLA : Laboratorio de fot\u00f3nica y tecnolog\u00eda l\u00e1ser aplicada<\/a><\/h2>\n<h3><strong>Coordinador: <\/strong>M.Sc. Luis Diego Mar\u00edn Naranjo, luis.marin@ucr.ac.cr<\/h3>\n<p>Es un espacio f\u00edsico para academia, investigaci\u00f3n y desarrollo en: \u00f3ptica aplicada, fot\u00f3nica, comunicaciones \u00f3pticas, comunicaciones por fibra \u00f3ptica, radiometr\u00eda, fotometr\u00eda, seguridad con l\u00e1ser, optoelectr\u00f3nica y metrolog\u00eda \u00f3ptica. Se realiza calibraci\u00f3n de equipo para medici\u00f3n de radiaci\u00f3n \u00f3ptica y procedimientos de ensayo en mediciones de radiaci\u00f3n \u00f3ptica, siguiendo normas internacionales de metrolog\u00eda.<\/p>\n<p>Adem\u00e1s se tiene al \u00e1rea acad\u00e9mica de investigaci\u00f3n en prototipos l\u00e1ser. Las \u00e1reas de inter\u00e9s son los efectos no lineales en fibras \u00f3pticas y cristales s\u00f3lidos, las fuentes de radiaci\u00f3n con elementos de estado s\u00f3lido y fibras microestructuradas, l\u00e1seres de fibra, sensores \u00f3pticos y la fabricaci\u00f3n de prototipos.<\/p>\n<h2><a href=\"http:\/\/pris.eie.ucr.ac.cr\" target=\"_blank\" rel=\"noopener noreferrer\">PRIS-Lab: Laboratorio de investigaci\u00f3n en reconocimiento de patrones y sistemas inteligentes<\/a><\/h2>\n<h3><strong>Coordinador: <\/strong>Dr. rer. nat. Francisco Siles Canales, francisco.siles@ucr.ac.cr, Telegram @fsiles<\/h3>\n<p>El PRIS-Lab es un laboratorio de investigaci\u00f3n y desarrollo que busca abordar problemas complejos de la sociedad mediante un enfoque transdisciplinario, que integra la investigaci\u00f3n cient\u00edfica, el desarrollo tecnol\u00f3gico y la innovaci\u00f3n. Su labor se centra en el modelado y an\u00e1lisis de fen\u00f3menos en diversas \u00e1reas, mediante el uso de t\u00e9cnicas de procesamiento de se\u00f1ales e im\u00e1genes, reconocimiento de patrones e inteligencia artificial. Sus \u00e1reas de investigaci\u00f3n y desarrollo incluyen:<\/p>\n<ol>\n<li><strong>Biocomputaci\u00f3n<\/strong>: desarrollo y aplicaci\u00f3n de m\u00e9todos te\u00f3ricos y an\u00e1lisis de datos, modelos matem\u00e1ticos y t\u00e9cnicas de simulaci\u00f3n computacional para el estudio de sistemas biol\u00f3gicos, en particular en el \u00e1mbito de la salud: como el c\u00e1ncer. Por ejemplo, en la clasificaci\u00f3n y rastreo de c\u00e9lulas cancer\u00edgenas en microscop\u00eda automatizada de fluorescencia y fondo claro.<\/li>\n<li><strong>Movimiento Humano<\/strong>: investigaci\u00f3n de algoritmos para obtener informaci\u00f3n de sensores (como c\u00e1maras de video), para construir modelos para la interpretaci\u00f3n de acciones, eventos y episodios de actividades deportivas, para mejorar la salud y optimizar el rendimiento. Por ejemplo, en el rastreo automatizado de jugadores de f\u00fatbol a partir de videos 4K.<\/li>\n<li><strong>Computaci\u00f3n Cient\u00edfica<\/strong>: dise\u00f1o e implementaci\u00f3n de nuevos algoritmos avanzados de computaci\u00f3n cient\u00edfica con tecnolog\u00edas de alto rendimiento (HPC) para aquellos problemas complejos que requieren de un procesamiento intensivo de datos. Por ejemplo, mediante la paralelizaci\u00f3n en bibliotecas h\u00edbridas CPU\/GPU de agrupamiento de datos del calor\u00edmetro electromagn\u00e9tico del CERN.<\/li>\n<li><strong>Rob\u00f3tica cognitiva<\/strong>: creaci\u00f3n de sistemas inteligentes que permiten a robots razonar acerca de su entorno y los capacita para simular internamente sus interacciones con el mundo, con el fin de aprender a mejorar su desempe\u00f1o en estos procesos.<\/li>\n<\/ol>\n<p>Ejemplos de los proyectos que se llevan a cabo en el PRIS-Lab son:<\/p>\n<ul>\n<li><strong>Terisa<\/strong>: Interfaz humano-m\u00e1quina para la integraci\u00f3n y teleoperaci\u00f3n de plataformas virtuales y rob\u00f3ticas<\/li>\n<li><strong>Supercit\u00f3metro<\/strong> 2: Desarrollo de un cit\u00f3metro de flujo con radiaci\u00f3n l\u00e1ser supercontinua y selector espectral<\/li>\n<li><strong>AI-Track<\/strong>: Desarrollo de un algoritmo de rastreo de c\u00e9lulas cancer\u00edgenas en microscop\u00eda por fluorescencia y por fondo claro con optimizaci\u00f3n de metapar\u00e1metros por Inteligencia Artificial e implementado con High-Performance Computing<\/li>\n<li><strong>CR-EASE<\/strong>: Creaci\u00f3n de un modelo 3D fotorrealista del Laboratorio de Diagn\u00f3stico Especializado para el entrenamiento de robots que automaticen ciertas tareas.<\/li>\n<li>Implementaci\u00f3n y aceleraci\u00f3n del algoritmo de reconstrucci\u00f3n de la energ\u00eda de part\u00edculas subat\u00f3micas del calor\u00edmetro (ECAL) del LHCb-CERN mediante programaci\u00f3n paralela optimizado para GPUs.<\/li>\n<li>Plataforma instrumental de alto rendimiento y Bajo Costo para Tecnolog\u00edas de Amplificaci\u00f3n Isot\u00e9rmica<\/li>\n<li>Targeting MYC Dosage Compensation in Aneuploid Cancer<\/li>\n<li>Papel de la compensaci\u00f3n de dosis g\u00e9nica en la evoluci\u00f3n clonal de c\u00e9lulas cancerosas inducida por dosis subletales de quimioterap\u00e9uticos genot\u00f3xicos<\/li>\n<li>Exploraci\u00f3n de modelos de an\u00e1lisis de datos para tecnolog\u00eda inercial utilizada en f\u00fatbol profesional costarricense<\/li>\n<li>Dise\u00f1o, implementaci\u00f3n y validaci\u00f3n de una plataforma computacional para la anotaci\u00f3n sem\u00e1ntica de f\u00fatbol a partir de video digital<\/li>\n<li>Plataforma HPC H\u00edbrida CPU\/GPU para la paralelizaci\u00f3n de algoritmos biocomputacionales de clasificaci\u00f3n y rastreo celular en microscop\u00eda de fluorescencia y fondo claro para diagn\u00f3sticos especializados en c\u00e1ncer<\/li>\n<\/ul>\n<h2><a href=\"http:\/\/arcoslab.eie.ucr.ac.cr\/\" target=\"_blank\" rel=\"noopener noreferrer\">ARCOS-Lab: Laboratorio de investigaci\u00f3n en robots aut\u00f3nomos y sistemas cognitivos<\/a><\/h2>\n<h3><strong>Coordinador: <\/strong>Dr. rer. nat. Federico Ruiz Ugalde, federico.ruizugalde@ucr.ac.cr<\/h3>\n<p>Trabaja en la creaci\u00f3n y mejoramiento de sistemas cognitivos y robots aut\u00f3nomos que permitan ayudarle a los humanos en tareas tediosas, peligrosas o sumamente complicadas que requieren de capacidades avanzadas de inteligencia cognitiva. Algunos ejemplos de este tipo de tareas son:<\/p>\n<ol>\n<li>Instalaci\u00f3n y mantenimiento de equipo peligroso o en \u00e1reas peligrosas<\/li>\n<li>Tareas repetitivas dif\u00edciles que causan enfermedades en las personas<\/li>\n<li>B\u00fasqueda y rescate<\/li>\n<li>Evaluaci\u00f3n de situaciones peligrosas<\/li>\n<li>Monitoreo<\/li>\n<\/ol>\n<h2><a href=\"http:\/\/eperlab.eie.ucr.ac.cr\/\" target=\"_blank\" rel=\"noopener noreferrer\">EPER-Lab: Laboratorio de investigaci\u00f3n en sistemas el\u00e9ctricos de potencia<\/a><\/h2>\n<h3><strong>Coordinador: Dr. Andr\u00e9s Arg\u00fcello Guill\u00e9n<\/strong>, andres.arguelloguillen@ucr.ac.cr<\/h3>\n<p>Se especializa en el modelado, simulaci\u00f3n y an\u00e1lisis de sistemas el\u00e9ctricos de potencia, incluyendo las diferentes fuentes de energ\u00eda el\u00e9ctrica y los consumidores finales de electricidad. El laboratorio tambi\u00e9n incursiona en desarrollo de algoritmos de control de sistemas el\u00e9ctricos, procesamiento de datos para an\u00e1lisis y monitoreo de sistemas de potencia, \u00a0c\u00e1lculo de potencial solar y e\u00f3lico en Costa Rica, e impacto de sistemas de generaci\u00f3n distribuida en redes el\u00e9ctricas.<\/p>\n<h2>LabCES: Laboratorio de investigaci\u00f3n en conversi\u00f3n de energ\u00eda para la sustentabilidad<\/h2>\n<h3><strong>Coordinador: <\/strong>Dr.-Ing.\u00d3scar N\u00fa\u00f1ez Mata, oscar.nunezmata@ucr.ac.cr<\/h3>\n<p>Mediante prototipos experimentales y pruebas con equipo especializado, este laboratorio combina diferentes \u00e1reas de la ingenier\u00eda el\u00e9ctrica con el fin de proporcionar nuevas soluciones para la sustentabilidad del medio ambiente, basado en el uso eficiente de los recursos energ\u00e9ticos y energ\u00edas limpias.<\/p>\n<p>Las \u00e1reas de trabajo del laboratorio incluyen, pero no est\u00e1n limitadas a: generaci\u00f3n de energ\u00eda con el recurso solar, e\u00f3lico y undimotriz, as\u00ed como su correspondiente almacenamiento, control y monitoreo de m\u00e1quinas el\u00e9ctricas (motores, generadores y transformadores), micro-redes y electr\u00f3nica de potencia.<\/p>\n<h2><a href=\"http:\/\/biomedica.ucr.ac.cr\">LIIB: Laboratorio de Investigaci\u00f3n en Ingenier\u00eda Biom\u00e9dica<\/a><\/h2>\n<h3><strong>Coordinador: <\/strong>Diego Dumani Jarqu\u00edn, Ph.D., diego.dumani@ucr.ac.cr<\/h3>\n<div>El Laboratorio de Investigaci\u00f3n en Ingenier\u00eda Biom\u00e9dica (LIIB) involucra diversas \u00e1reas disciplinarias orientadas a investigar, desarrollar y aplicar soluciones de ingenier\u00eda a problemas relacionados con la medicina, la salud y las ciencias de la vida.<\/div>\n<div>\u00a0<\/div>\n<div>Actualmente se desarrolla investigaci\u00f3n en el \u00e1rea de Instrumentaci\u00f3n para diagn\u00f3stico y terapia m\u00e9dica:\u00a0<\/div>\n<div>\u00a0<\/div>\n<p>\u00c1rea enfocada en la creaci\u00f3n de nuevos instrumentos, as\u00ed como mejoras en la instrumentaci\u00f3n actual, para as\u00ed obtener contenido diagn\u00f3stico adicional y capacidad de monitoreo no-invasivo durante procedimientos terap\u00e9uticos. Esta \u00e1rea tambi\u00e9n comprende la reingenier\u00eda de procesos cl\u00ednicos. Esto incluye el uso de biomateriales, nanotecnolog\u00eda, t\u00e9cnicas diagn\u00f3sticas\/terap\u00e9uticas, procesamiento de la informaci\u00f3n, y validaci\u00f3n precl\u00ednica, m\u00e1s all\u00e1 de la instrumentaci\u00f3n utilizada.<\/p>\n<div>\u00a0<\/div>\n<h2><a href=\"http:\/\/cerlab.ucr.ac.cr\/\">CERLab: Laboratorio de investigaci\u00f3n en Ingenier\u00eda de Control<\/a><\/h2>\n<h3><strong>Coordinador:<\/strong> Ing. Leonardo Mar\u00edn Paniagua, Ph.D., leonardo.marin@ucr.ac.cr<\/h3>\n<p>El Laboratorio de Investigaci\u00f3n en Ingenier\u00eda de Control (CERLab) es el laboratorio encargado del estudio y la aplicaci\u00f3n de la Ingenier\u00eda de Control en la Escuela de Ingenier\u00eda El\u00e9ctrica de la Universidad de Costa Rica. El CERLab busca promover la investigaci\u00f3n, la aplicaci\u00f3n y el estudio de t\u00f3picos relacionados con la Teor\u00eda de Control en Costa Rica, y aspira a ser el laboratorio de referencia para resolver los problemas de control y automatizaci\u00f3n en el pa\u00eds.<\/p>\n<p>Las \u00e1reas de investigaci\u00f3n del laboratorio consisten en el control de procesos, la automatizaci\u00f3n, las comunicaciones, la instrumentaci\u00f3n y las redes de sensores aplicados en la industria, as\u00ed como la fusi\u00f3n sensorial, la rob\u00f3tica m\u00f3vil y de manipuladores industriales, los sistemas de almacenamiento de energ\u00eda y la gesti\u00f3n de carga y modelado de bater\u00edas el\u00e9ctricas para veh\u00edculos el\u00e9ctricos y sistemas de almacenamiento de energ\u00eda.<\/p>\n<h2>Laboratorio de Investigaci\u00f3n en Microelectr\u00f3nica y Arquitectura de computadoras (LIMA)<\/h2>\n<h3>Coordinador: Erick Carvajal Barboza, PhD, erick.carvajalbarboza@ucr.ac.cr<\/h3>\n<p>El principal objetivo del laboratorio es el estudio de los procesos de automatizaci\u00f3n de los flujos de dise\u00f1o, validaci\u00f3n y verificaci\u00f3n de circuitos integrados, tanto a nivel de micro-arquitectura, como de dise\u00f1o l\u00f3gico y f\u00edsico. En espec\u00edfico, se tienen proyectos activos sobre la aplicaci\u00f3n de t\u00e9cnicas de aprendizaje autom\u00e1tico para acelerar y facilitar todo el flujo de dise\u00f1o de circuitos integrados.<\/p>\n<p>Sus principales intereses son: VLSI, Dise\u00f1o F\u00edsico de Circuitos Integrados, Verificaci\u00f3n de Circuitos Integrados, Arquitectura de Computadoras, Machine Learning.<\/p>","protected":false},"excerpt":{"rendered":"<p>Laboratorios El Programa de Posgrado en Ingenier\u00eda El\u00e9ctrica (PPIE) de la Universidad de Costa Rica realiza investigaci\u00f3n a trav\u00e9s de los laboratorios de investigaci\u00f3n adscritos al Programa. En dichos laboratorios se realiza generaci\u00f3n de nuevo conocimiento en \u00e1reas pertinentes para el pa\u00eds, mediante equipo cient\u00edfico-tecnol\u00f3gico de punta y recurso humano con nivel de doctorado acad\u00e9mico [&hellip;]<\/p>\n","protected":false},"author":3,"featured_media":0,"parent":0,"menu_order":0,"comment_status":"closed","ping_status":"closed","template":"","meta":{"footnotes":""},"class_list":["post-15","page","type-page","status-publish","czr-hentry"],"_links":{"self":[{"href":"https:\/\/posgrado.eie.ucr.ac.cr\/index.php\/wp-json\/wp\/v2\/pages\/15","targetHints":{"allow":["GET"]}}],"collection":[{"href":"https:\/\/posgrado.eie.ucr.ac.cr\/index.php\/wp-json\/wp\/v2\/pages"}],"about":[{"href":"https:\/\/posgrado.eie.ucr.ac.cr\/index.php\/wp-json\/wp\/v2\/types\/page"}],"author":[{"embeddable":true,"href":"https:\/\/posgrado.eie.ucr.ac.cr\/index.php\/wp-json\/wp\/v2\/users\/3"}],"replies":[{"embeddable":true,"href":"https:\/\/posgrado.eie.ucr.ac.cr\/index.php\/wp-json\/wp\/v2\/comments?post=15"}],"version-history":[{"count":21,"href":"https:\/\/posgrado.eie.ucr.ac.cr\/index.php\/wp-json\/wp\/v2\/pages\/15\/revisions"}],"predecessor-version":[{"id":845,"href":"https:\/\/posgrado.eie.ucr.ac.cr\/index.php\/wp-json\/wp\/v2\/pages\/15\/revisions\/845"}],"wp:attachment":[{"href":"https:\/\/posgrado.eie.ucr.ac.cr\/index.php\/wp-json\/wp\/v2\/media?parent=15"}],"curies":[{"name":"wp","href":"https:\/\/api.w.org\/{rel}","templated":true}]}}